{"id":5655,"date":"2023-03-23T08:48:25","date_gmt":"2023-03-23T08:48:25","guid":{"rendered":"https:\/\/brunswick2023-dev.c2246.cloudnet.cloud\/investments\/"},"modified":"2023-07-10T07:02:52","modified_gmt":"2023-07-10T07:02:52","slug":"investeringar","status":"publish","type":"page","link":"https:\/\/brunswick2023-dev.c2246.cloudnet.cloud\/sv\/investeringar\/","title":{"rendered":"V\u00e5ra Fastighetsbolag"},"content":{"rendered":"<section id=\"secondary-page-header-block_23747f9305d5bfaaa73e22952df4ee24\" class=\"block secondary-page-header bg-transparent m-b\" style=\"background-image: url(https:\/\/brunswick2023-dev.c2246.cloudnet.cloud\/wp-content\/uploads\/2023\/03\/brunswick-test-scaled.jpg)\">\n\t<div class=\"container\">\n\t\t<div class=\"row\">\n\t\t\t<div class=\"row__col row__col--md-6\">\n\t\t\t\t<div class='title-container text-left '><h1 class='block__title h1  '>V\u00e5ra fastighetsbolag<\/h1><\/div>\n\t\t\t\t<div class=\"content\"><p><em>V\u00e4rdeskapande fastighetsinvesteringar med m\u00e4tbara h\u00e5llbarhetsm\u00e5l<\/em><\/p>\n<p>Vi identifierar h\u00e5llbara investeringsm\u00f6jligheter med utvecklingspotential och matchar dem med r\u00e4tt kapital. V\u00e5r strategi bygger p\u00e5 n\u00e4ra samarbeten med nordiska och internationella investerare, s\u00e5v\u00e4l som med lokala partners f\u00f6r fastighetsutveckling och f\u00f6rvaltning<\/p>\n<\/div>\t\t\t<\/div>\n\t\t<\/div>\n\t<\/div>\n<\/section>\n\n<section id=\"real-estate-companies-block_ab152f42b87b859279fb4e97832233a5\" class=\"block real-estate-companies bg-transparent m-b\">\n\t<div class=\"container\">\n\t\t\t\t\t<div class=\"row no-gutters\">\n\t\t\t\t\t\t\t\t\t\t\t\t\t\t<a href=\"https:\/\/brunswick2023-dev.c2246.cloudnet.cloud\/sv\/companies\/regio\/\" class=\"row__col row__col--xl-6 company\">\n\t\t\t\t\t\t<div class=\"company--inner\" style=\"background-color: #D9E1FF;; color: #000000;; \">\n\t\t\t\t\t\t\t<div class=\"text\">\n\t\t\t\t\t\t\t\t<div class=\"title\">Regio<i class=\"far fa-chevron-right\"><\/i><\/div>\n\t\t\t\t\t\t\t\t<div class=\"description\">Regio \u00e4r en fastighets\u00e4gare och f\u00f6rvaltare med fokus p\u00e5 v\u00e4xande regionst\u00e4der i Sverige.<\/div>\n\t\t\t\t\t\t\t<\/div>\n\t\t\t\t\t\t<\/div>\n\t\t\t\t\t<\/a>\n\t\t\t\t\t\t\t\t\t\t\t\t\t\t<a href=\"https:\/\/brunswick2023-dev.c2246.cloudnet.cloud\/sv\/companies\/fersen\/\" class=\"row__col row__col--xl-6 company\">\n\t\t\t\t\t\t<div class=\"company--inner\" style=\"background-color: #9bd0e0;; color: #000000;; \">\n\t\t\t\t\t\t\t<div class=\"text\">\n\t\t\t\t\t\t\t\t<div class=\"title\">Fersen<i class=\"far fa-chevron-right\"><\/i><\/div>\n\t\t\t\t\t\t\t\t<div class=\"description\">Fersen fokuserar p\u00e5 kommersiella fastigheter i Sverige, Finland och Estland\r\n<\/div>\n\t\t\t\t\t\t\t<\/div>\n\t\t\t\t\t\t<\/div>\n\t\t\t\t\t<\/a>\n\t\t\t\t\t\t\t\t\t\t\t\t\t\t<a href=\"https:\/\/brunswick2023-dev.c2246.cloudnet.cloud\/sv\/companies\/bohild\/\" class=\"row__col row__col--xl-6 company\">\n\t\t\t\t\t\t<div class=\"company--inner\" style=\"background-color: #FFAE9D;; color: #000000;; \">\n\t\t\t\t\t\t\t<div class=\"text\">\n\t\t\t\t\t\t\t\t<div class=\"title\">Bohild<i class=\"far fa-chevron-right\"><\/i><\/div>\n\t\t\t\t\t\t\t\t<div class=\"description\">Bohild \u00e4r en l\u00e5ngsiktig fastighets\u00e4gare med ett fokus p\u00e5 bost\u00e4der och samh\u00e4llsfastigheter i svenska tillv\u00e4xtst\u00e4der.\r\n<\/div>\n\t\t\t\t\t\t\t<\/div>\n\t\t\t\t\t\t<\/div>\n\t\t\t\t\t<\/a>\n\t\t\t\t\t\t\t\t\t\t\t\t\t\t<a href=\"https:\/\/brunswick2023-dev.c2246.cloudnet.cloud\/sv\/companies\/vanda-3\/\" class=\"row__col row__col--xl-6 company\">\n\t\t\t\t\t\t<div class=\"company--inner\" style=\"background-color: #6C6AFF;; color: #FFFFFF;; \">\n\t\t\t\t\t\t\t<div class=\"text\">\n\t\t\t\t\t\t\t\t<div class=\"title\">Vanda 3<i class=\"far fa-chevron-right\"><\/i><\/div>\n\t\t\t\t\t\t\t\t<div class=\"description\">Vanda 3 \u00e4r en 63\u00a0000 kvm blandfastighet i Akalla, Stockholm.\r\n<\/div>\n\t\t\t\t\t\t\t<\/div>\n\t\t\t\t\t\t<\/div>\n\t\t\t\t\t<\/a>\n\t\t\t\t\t\t\t\t\t\t\t\t\t\t<a href=\"https:\/\/brunswick2023-dev.c2246.cloudnet.cloud\/sv\/companies\/hemmaplan\/\" class=\"row__col row__col--xl-6 company\">\n\t\t\t\t\t\t<div class=\"company--inner\" style=\"background-color: #6F4D77;; color:  #FFFFFF;; \">\n\t\t\t\t\t\t\t<div class=\"text\">\n\t\t\t\t\t\t\t\t<div class=\"title\">Hemmaplan<i class=\"far fa-chevron-right\"><\/i><\/div>\n\t\t\t\t\t\t\t\t<div class=\"description\">Hemmaplan\u00a0investerar\u00a0i och utvecklar\u00a0centrumfastigheter f\u00f6r att bidra till meningsfull och m\u00e4tbar social f\u00f6rb\u00e4ttring f\u00f6r s\u00e5v\u00e4l hyresg\u00e4ster som fastigheternas bes\u00f6kare.\r\n<\/div>\n\t\t\t\t\t\t\t<\/div>\n\t\t\t\t\t\t<\/div>\n\t\t\t\t\t<\/a>\n\t\t\t\t\t\t\t\t\t\t\t\t\t\t<a href=\"https:\/\/brunswick2023-dev.c2246.cloudnet.cloud\/sv\/companies\/nyfosa-finland\/\" class=\"row__col row__col--xl-6 company\">\n\t\t\t\t\t\t<div class=\"company--inner\" style=\"background-color: #fbc04d;; color: #000000;; \">\n\t\t\t\t\t\t\t<div class=\"text\">\n\t\t\t\t\t\t\t\t<div class=\"title\">Nyfosa Finland<i class=\"far fa-chevron-right\"><\/i><\/div>\n\t\t\t\t\t\t\t\t<div class=\"description\">Nyfosa Finland fokuserar p\u00e5 v\u00e4xande finska regionsst\u00e4der och investerar i alla kommersiella fastighetskategorier<\/div>\n\t\t\t\t\t\t\t<\/div>\n\t\t\t\t\t\t<\/div>\n\t\t\t\t\t<\/a>\n\t\t\t\t\t\t\t\t\t\t\t\t\t\t<a href=\"https:\/\/brunswick2023-dev.c2246.cloudnet.cloud\/sv\/companies\/lindu\/\" class=\"row__col row__col--xl-6 company\">\n\t\t\t\t\t\t<div class=\"company--inner\" style=\"background-color: #ccbeb0;; color: #000000;; \">\n\t\t\t\t\t\t\t<div class=\"text\">\n\t\t\t\t\t\t\t\t<div class=\"title\">Lindu<i class=\"far fa-chevron-right\"><\/i><\/div>\n\t\t\t\t\t\t\t\t<div class=\"description\">Lindu Ejendomme fokuserar p\u00e5 l\u00e4ttindustri och logistikfastigheter i K\u00f6penhamnsregionen. \r\n<\/div>\n\t\t\t\t\t\t\t<\/div>\n\t\t\t\t\t\t<\/div>\n\t\t\t\t\t<\/a>\n\t\t\t\t\t\t\t<\/div>\n\t\t\t<\/div>\n<\/section>\n\n<section id=\"overlapping-image-and-text-block_578e1dda139711a47d1cccf428e649a1\" class=\"block overlapping-image-and-text bg-grey m-b p-t p-b\">\n\t<div class=\"container\">\n\t\t<div class=\"row row--center row--container image-left\">\n\t\t\t<div class=\"row__col row__col--md-6 content--container\">\n\t\t\t\t<div class='title-container text-left '><h2 class='block__title h1  '>V\u00e5r filosofi<\/h2><\/div>\t\t\t\t<div class=\"row\">\n\t\t\t\t\t<div class=\"row__col \">\n\t\t\t\t\t\t<div class=\"content\"><p>V\u00e4rdeskapande handlar inte bara om finansiell avkastning, utan ocks\u00e5 om den p\u00e5verkan vi har p\u00e5 v\u00e5r omv\u00e4rld. V\u00e5r grundfilosofi \u00e4r att fastigheterna ska vidareutvecklas under v\u00e5r f\u00f6rvaltning och leda till m\u00e4tbara f\u00f6rb\u00e4ttringar f\u00f6r m\u00e4nniska, milj\u00f6 och samh\u00e4lle.<\/p>\n<\/div>\t\t\t\t\t<\/div>\n\t\t\t\t<\/div>\n\n\t\t\t\t\t\t\t<\/div>\n\t\t\t<div class=\"row__col row__col--md-6 image\">\n\t\t\t\t\t\t\t\t\t<img loading=\"lazy\" decoding=\"async\" width=\"2560\" height=\"1557\" src=\"https:\/\/brunswick2023-dev.c2246.cloudnet.cloud\/wp-content\/uploads\/2023\/04\/Investments_Philosophy_Tool_2-scaled.jpg\" class=\"attachment-full size-full\" alt=\"\" srcset=\"https:\/\/brunswick2023-dev.c2246.cloudnet.cloud\/wp-content\/uploads\/2023\/04\/Investments_Philosophy_Tool_2-scaled.jpg 2560w, https:\/\/brunswick2023-dev.c2246.cloudnet.cloud\/wp-content\/uploads\/2023\/04\/Investments_Philosophy_Tool_2-1536x934.jpg 1536w, https:\/\/brunswick2023-dev.c2246.cloudnet.cloud\/wp-content\/uploads\/2023\/04\/Investments_Philosophy_Tool_2-2048x1245.jpg 2048w\" sizes=\"auto, (max-width: 2560px) 100vw, 2560px\" \/>\t\t\t\t\t\n\t\t\t<\/div>\n\t\t<\/div>\n\t<\/div>\n<\/section>\n\n<section id=\"overlapping-image-and-text-block_b1faf8896f3f0605b1aedb9de3943cc1\" class=\"block overlapping-image-and-text bg-transparent m-b\">\n\t<div class=\"container\">\n\t\t<div class=\"row row--center row--container image-right\">\n\t\t\t<div class=\"row__col row__col--md-6 content--container\">\n\t\t\t\t<div class='title-container text-left '><h2 class='block__title h1  '>By Brunswick<\/h2><\/div>\t\t\t\t<div class=\"row\">\n\t\t\t\t\t<div class=\"row__col row__col--md-9\">\n\t\t\t\t\t\t<div class=\"content\"><p>By Brunswick bygger p\u00e5 tre perspektiv, v\u00e5rt s\u00e4tt att arbeta samt v\u00e5r roll som partner och arbetsgivare.<\/p>\n<p>Vi drivs av entrepren\u00f6rsskap. Tillsammans med v\u00e5ra kapitalpartners bygger vi oberoende investeringsplattformar baserat p\u00e5 konceptet &#8211; m\u00e4nniskan och platsen.<\/p>\n<p>Det \u00e4r s\u00e5 vi skapar \u201cMeaningful change. Measured impact\u201d.<\/p>\n<\/div>\t\t\t\t\t<\/div>\n\t\t\t\t<\/div>\n\n\t\t\t\t\t\t\t\t\t<a \n\t\t\t\t\t\thref=\"https:\/\/brunswick2023-dev.c2246.cloudnet.cloud\/by-brunswick\/\" \n\t\t\t\t\t\tclass=\"btn btn-secondary\"\n\t\t\t\t\t\ttarget=\" _blank\"\n\t\t\t\t\t>By Brunswick\t\t\t\t<\/a>\n\t\t\t\t\t\t\t<\/div>\n\t\t\t<div class=\"row__col row__col--md-6 image\">\n\t\t\t\t\t\t\t\t\t<img loading=\"lazy\" decoding=\"async\" width=\"1973\" height=\"1448\" src=\"https:\/\/brunswick2023-dev.c2246.cloudnet.cloud\/wp-content\/uploads\/2023\/04\/Society_1_Homepage_0.jpg\" class=\"attachment-full size-full\" alt=\"\" srcset=\"https:\/\/brunswick2023-dev.c2246.cloudnet.cloud\/wp-content\/uploads\/2023\/04\/Society_1_Homepage_0.jpg 1973w, https:\/\/brunswick2023-dev.c2246.cloudnet.cloud\/wp-content\/uploads\/2023\/04\/Society_1_Homepage_0-1536x1127.jpg 1536w\" sizes=\"auto, (max-width: 1973px) 100vw, 1973px\" \/>\t\t\t\t\t\n\t\t\t<\/div>\n\t\t<\/div>\n\t<\/div>\n<\/section>","protected":false},"excerpt":{"rendered":"","protected":false},"author":1,"featured_media":0,"parent":0,"menu_order":0,"comment_status":"closed","ping_status":"closed","template":"","meta":{"_acf_changed":false,"_seopress_robots_primary_cat":"","_seopress_titles_title":"","_seopress_titles_desc":"","_seopress_robots_index":"","inline_featured_image":false,"footnotes":""},"class_list":["post-5655","page","type-page","status-publish","hentry"],"acf":[],"_links":{"self":[{"href":"https:\/\/brunswick2023-dev.c2246.cloudnet.cloud\/sv\/wp-json\/wp\/v2\/pages\/5655","targetHints":{"allow":["GET"]}}],"collection":[{"href":"https:\/\/brunswick2023-dev.c2246.cloudnet.cloud\/sv\/wp-json\/wp\/v2\/pages"}],"about":[{"href":"https:\/\/brunswick2023-dev.c2246.cloudnet.cloud\/sv\/wp-json\/wp\/v2\/types\/page"}],"author":[{"embeddable":true,"href":"https:\/\/brunswick2023-dev.c2246.cloudnet.cloud\/sv\/wp-json\/wp\/v2\/users\/1"}],"replies":[{"embeddable":true,"href":"https:\/\/brunswick2023-dev.c2246.cloudnet.cloud\/sv\/wp-json\/wp\/v2\/comments?post=5655"}],"version-history":[{"count":35,"href":"https:\/\/brunswick2023-dev.c2246.cloudnet.cloud\/sv\/wp-json\/wp\/v2\/pages\/5655\/revisions"}],"predecessor-version":[{"id":6599,"href":"https:\/\/brunswick2023-dev.c2246.cloudnet.cloud\/sv\/wp-json\/wp\/v2\/pages\/5655\/revisions\/6599"}],"wp:attachment":[{"href":"https:\/\/brunswick2023-dev.c2246.cloudnet.cloud\/sv\/wp-json\/wp\/v2\/media?parent=5655"}],"curies":[{"name":"wp","href":"https:\/\/api.w.org\/{rel}","templated":true}]}}