{"id":5661,"date":"2023-03-23T08:48:55","date_gmt":"2023-03-23T08:48:55","guid":{"rendered":"https:\/\/brunswick2023-dev.c2246.cloudnet.cloud\/contact\/"},"modified":"2023-08-02T13:08:43","modified_gmt":"2023-08-02T13:08:43","slug":"kontakt","status":"publish","type":"page","link":"https:\/\/brunswick2023-dev.c2246.cloudnet.cloud\/sv\/kontakt\/","title":{"rendered":""},"content":{"rendered":"<section id=\"secondary-page-header-block_28ad38d73051e7fce9020dca6c97688f\" class=\"block secondary-page-header bg-transparent m-b\" >\n\t<div class=\"container\">\n\t\t<div class=\"row\">\n\t\t\t<div class=\"row__col row__col--md-6\">\n\t\t\t\t<div class='title-container text-left '><h1 class='block__title h1  '>Kontakt<\/h1><\/div>\n\t\t\t\t\t\t\t<\/div>\n\t\t<\/div>\n\t<\/div>\n<\/section>\n\n<section id=\"employees-search-block_cb1e9dda0313b1160fb73da11bd221e0\" class=\"block employees-search bg-grey m-b p-t p-b\">\n\t<div class=\"container\">\n\t\t<div class=\"row\">\n\t\t\t<div class=\"row__col\">\n\t\t\t\t<div class='title-container text-left '><h2 class='block__title h2  underline'>S\u00f6k efter anst\u00e4llda<\/h2><\/div>\t\t\t<\/div>\n\n\t\t\t<div class=\"row__col employees-search-form\">\n\t\t\t\t<form data-url=\"https:\/\/brunswick2023-dev.c2246.cloudnet.cloud\/sv\/wp-json\/brunswick\/v1\/employees_search\" data-method=\"GET\">\n\t\t\t\t\t<div class=\"text-input text-input--search\">\n                        <label for=\"employees-search\">S\u00f6k efter anst\u00e4llda<\/label>\n                        <input class=\"search\" type=\"text\" id=\"employees-search\" name=\"search\"\n                               placeholder=\"S\u00f6k\"\n                               value=\"\"\/>\n\t\t\t\t\t\t<i class=\"far fa-search\"><\/i>\n                    <\/div>\n\t\t\t\t<\/form>\n\t\t\t<\/div>\n\n\t\t\t<div class=\"row__col search-results hidden\" data-loading=\"0\" data-last-search=\"\" data-loading-text=\"Laddar...\">\n\t\t\t<\/div>\n\t\t<\/div>\n\t<\/div>\n<\/section>\n\n<section id=\"3941\" class=\"block employees-listing bg-transparent m-b\">\n\t<div class=\"container\">\n\t\t<div class=\"row\">\n\t\t\t<div class=\"row__col\">\n\t\t\t\t<div class='title-container text-left '><h2 class='block__title h2  underline'>Nyckelpersoner<\/h2><\/div>\t\t\t<\/div>\n\t\t\t\t\t\t\t<div class=\"row__col employees-list\">\n\t\t\t\t\t\t\t\t\t\t\t<div class=\"employees-item\">\n    <div class=\"employees-item--inner bg-purple\">\n        <div class=\"top\">\n            <img loading=\"lazy\" decoding=\"async\" width=\"75\" height=\"75\" src=\"https:\/\/brunswick2023-dev.c2246.cloudnet.cloud\/wp-content\/uploads\/2023\/04\/VUE3694_0029_sv_A5-2-scaled-2-150x150.jpg\" class=\"attachment-75x75 size-75x75 wp-post-image\" alt=\"\" \/>            <div class=\"name\">Patrik Andersson<\/div>\n        <\/div>\n\n        <div class=\"job\">CEO Brunswick \/ Partner<\/div>\n        <div class=\"email\"><a href=\"mailto:patrik.andersson@brunswickrealestate.com\">patrik.andersson@brunswickrealestate.com<\/a><\/div>\n        <div class=\"phone\"><a href=\"tel: +46 76 871 00 22\">+46 76 871 00 22<\/a><\/div>\n    <\/div>\n<\/div>\t\t\t\t\t\t\t\t\t\t\t<div class=\"employees-item\">\n    <div class=\"employees-item--inner bg-purple\">\n        <div class=\"top\">\n            <img loading=\"lazy\" decoding=\"async\" width=\"75\" height=\"75\" src=\"https:\/\/brunswick2023-dev.c2246.cloudnet.cloud\/wp-content\/uploads\/2023\/04\/VUE3784_0056_Emil_sv_A5-5-150x150.jpg\" class=\"attachment-75x75 size-75x75 wp-post-image\" alt=\"\" \/>            <div class=\"name\">Emil Haraldsson<\/div>\n        <\/div>\n\n        <div class=\"job\">Partner \/ Group CFO<\/div>\n        <div class=\"email\"><a href=\"mailto:emil.haraldsson@brunswickrealestate.com\">emil.haraldsson@brunswickrealestate.com<\/a><\/div>\n        <div class=\"phone\"><a href=\"tel: +46 73 060 75 18\">+46 73 060 75 18<\/a><\/div>\n    <\/div>\n<\/div>\t\t\t\t\t\t\t\t\t\t\t<div class=\"employees-item\">\n    <div class=\"employees-item--inner bg-purple\">\n        <div class=\"top\">\n            <img loading=\"lazy\" decoding=\"async\" width=\"75\" height=\"75\" src=\"https:\/\/brunswick2023-dev.c2246.cloudnet.cloud\/wp-content\/uploads\/2023\/04\/VUE3819_0079_DB_sv_A5-150x150.jpg\" class=\"attachment-75x75 size-75x75 wp-post-image\" alt=\"\" \/>            <div class=\"name\">David Brandemark<\/div>\n        <\/div>\n\n        <div class=\"job\">Head of Financing \/ Partner<\/div>\n        <div class=\"email\"><a href=\"mailto:david.brandemark@brunswickrealestate.com\">david.brandemark@brunswickrealestate.com<\/a><\/div>\n        <div class=\"phone\"><a href=\"tel: +46 70 222 99 55\">+46 70 222 99 55<\/a><\/div>\n    <\/div>\n<\/div>\t\t\t\t\t\t\t\t\t\t\t<div class=\"employees-item\">\n    <div class=\"employees-item--inner bg-purple\">\n        <div class=\"top\">\n            <img loading=\"lazy\" decoding=\"async\" width=\"75\" height=\"75\" src=\"https:\/\/brunswick2023-dev.c2246.cloudnet.cloud\/wp-content\/uploads\/2023\/04\/VUE3784_0084_Erik_sv_A5-150x150.jpg\" class=\"attachment-75x75 size-75x75 wp-post-image\" alt=\"\" \/>            <div class=\"name\">Erik Widmark<\/div>\n        <\/div>\n\n        <div class=\"job\">Partner \/ Head of Sourcing<\/div>\n        <div class=\"email\"><a href=\"mailto:erik.widmark@brunswickrealestate.com\">erik.widmark@brunswickrealestate.com<\/a><\/div>\n        <div class=\"phone\"><a href=\"tel: +46 70 586 75 06\">+46 70 586 75 06<\/a><\/div>\n    <\/div>\n<\/div>\t\t\t\t\t\t\t\t\t\t\t<div class=\"employees-item\">\n    <div class=\"employees-item--inner bg-purple\">\n        <div class=\"top\">\n            <img loading=\"lazy\" decoding=\"async\" width=\"75\" height=\"75\" src=\"https:\/\/brunswick2023-dev.c2246.cloudnet.cloud\/wp-content\/uploads\/2023\/04\/vue3422_0169_Kristina_A5_sv-2-scaled-2-150x150.jpg\" class=\"attachment-75x75 size-75x75 wp-post-image\" alt=\"\" \/>            <div class=\"name\">Kristina Agild<\/div>\n        <\/div>\n\n        <div class=\"job\">Partner \/ Talent Management &#038; HR<\/div>\n        <div class=\"email\"><a href=\"mailto:kristina.agild@brunswickrealestate.com\">kristina.agild@brunswickrealestate.com<\/a><\/div>\n        <div class=\"phone\"><a href=\"tel: +46 70 899 42 42\">+46 70 899 42 42<\/a><\/div>\n    <\/div>\n<\/div>\t\t\t\t\t\t\t\t\t\t\t<div class=\"employees-item\">\n    <div class=\"employees-item--inner bg-purple\">\n        <div class=\"top\">\n            <img loading=\"lazy\" decoding=\"async\" width=\"75\" height=\"75\" src=\"https:\/\/brunswick2023-dev.c2246.cloudnet.cloud\/wp-content\/uploads\/2023\/04\/VUE3737_0189_Mathias_sv_A5-3-150x150.jpg\" class=\"attachment-75x75 size-75x75 wp-post-image\" alt=\"\" \/>            <div class=\"name\">Mathias Vuorelma<\/div>\n        <\/div>\n\n        <div class=\"job\">Head of Transactions Finland<\/div>\n        <div class=\"email\"><a href=\"mailto:mathias.vuorelma@brunswickrealestate.com\">mathias.vuorelma@brunswickrealestate.com<\/a><\/div>\n        <div class=\"phone\"><a href=\"tel: +358 40 8239 823\">+358 40 8239 823<\/a><\/div>\n    <\/div>\n<\/div>\t\t\t\t\t\t\t\t\t\t\t<div class=\"employees-item\">\n    <div class=\"employees-item--inner bg-purple\">\n        <div class=\"top\">\n            <img loading=\"lazy\" decoding=\"async\" width=\"75\" height=\"75\" src=\"https:\/\/brunswick2023-dev.c2246.cloudnet.cloud\/wp-content\/uploads\/2023\/04\/VUE3655_0092_Sara_sv_A5-2-scaled-2-150x150.jpg\" class=\"attachment-75x75 size-75x75 wp-post-image\" alt=\"\" \/>            <div class=\"name\">Sara Svedjedal<\/div>\n        <\/div>\n\n        <div class=\"job\">Head of Innovation &#038; Communication<\/div>\n        <div class=\"email\"><a href=\"mailto:sara.svedjedal@brunswickrealestate.com\">sara.svedjedal@brunswickrealestate.com<\/a><\/div>\n        <div class=\"phone\"><a href=\"tel: +46 70 782 24 90\">+46 70 782 24 90<\/a><\/div>\n    <\/div>\n<\/div>\t\t\t\t\t\t\t\t\t\t\t<div class=\"employees-item\">\n    <div class=\"employees-item--inner bg-purple\">\n        <div class=\"top\">\n            <img loading=\"lazy\" decoding=\"async\" width=\"75\" height=\"75\" src=\"https:\/\/brunswick2023-dev.c2246.cloudnet.cloud\/wp-content\/uploads\/2023\/04\/VUE3772_0275_Victoria_sv_A5-3-150x150.jpg\" class=\"attachment-75x75 size-75x75 wp-post-image\" alt=\"\" \/>            <div class=\"name\">Victoria Sandkvist<\/div>\n        <\/div>\n\n        <div class=\"job\">Head of Transactions Sweden<\/div>\n        <div class=\"email\"><a href=\"mailto:victoria.sandkvist@brunswickrealestate.com\">victoria.sandkvist@brunswickrealestate.com<\/a><\/div>\n        <div class=\"phone\"><a href=\"tel: +46 72 233 38 94\">+46 72 233 38 94<\/a><\/div>\n    <\/div>\n<\/div>\t\t\t\t\t\t\t\t\t\t\t<div class=\"employees-item\">\n    <div class=\"employees-item--inner bg-purple\">\n        <div class=\"top\">\n            <img loading=\"lazy\" decoding=\"async\" width=\"75\" height=\"75\" src=\"https:\/\/brunswick2023-dev.c2246.cloudnet.cloud\/wp-content\/uploads\/2023\/04\/VUE3755_0096_sv_A5-150x150.jpg\" class=\"attachment-75x75 size-75x75 wp-post-image\" alt=\"\" \/>            <div class=\"name\">Josefin Bergholtz<\/div>\n        <\/div>\n\n        <div class=\"job\">Partner \/ Head of Business Development<\/div>\n        <div class=\"email\"><a href=\"mailto:josefin.bergholtz@brunswickrealestate.com\">josefin.bergholtz@brunswickrealestate.com<\/a><\/div>\n        <div class=\"phone\"><a href=\"tel: +46 72 213 61 84\">+46 72 213 61 84<\/a><\/div>\n    <\/div>\n<\/div>\t\t\t\t\t\t\t\t\t\t\t<div class=\"employees-item\">\n    <div class=\"employees-item--inner bg-purple\">\n        <div class=\"top\">\n            <img loading=\"lazy\" decoding=\"async\" width=\"75\" height=\"75\" src=\"https:\/\/brunswick2023-dev.c2246.cloudnet.cloud\/wp-content\/uploads\/2023\/04\/VUE3422_0359_David_H_sv_A5-scaled-2-150x150.jpg\" class=\"attachment-75x75 size-75x75 wp-post-image\" alt=\"\" \/>            <div class=\"name\">David H\u00e4vermark<\/div>\n        <\/div>\n\n        <div class=\"job\">Partner \/ CIO \/ COO<\/div>\n        <div class=\"email\"><a href=\"mailto:david.havermark@brunswickrealestate.com\">david.havermark@brunswickrealestate.com<\/a><\/div>\n        <div class=\"phone\"><a href=\"tel: +46 70 388 75 16\">+46 70 388 75 16<\/a><\/div>\n    <\/div>\n<\/div>\t\t\t\t\t\t\t\t\t<\/div>\n\t\t\t\t\t<\/div>\n\t<\/div>\n<\/section>\n\n<section id=\"3959\" class=\"block employees-listing bg-transparent m-b\">\n\t<div class=\"container\">\n\t\t<div class=\"row\">\n\t\t\t<div class=\"row__col\">\n\t\t\t\t<div class='title-container text-left '><h2 class='block__title h2  underline'>VD f\u00f6r v\u00e5ra fastighetsbolag<\/h2><\/div>\t\t\t<\/div>\n\t\t\t\t\t\t\t<div class=\"row__col employees-list\">\n\t\t\t\t\t\t\t\t\t\t\t<div class=\"employees-item\">\n    <div class=\"employees-item--inner bg-dark-purple\">\n        <div class=\"top\">\n            <img loading=\"lazy\" decoding=\"async\" width=\"75\" height=\"75\" src=\"https:\/\/brunswick2023-dev.c2246.cloudnet.cloud\/wp-content\/uploads\/2023\/04\/VUE3638_0091_sv_A5-scaled-2-150x150.jpg\" class=\"attachment-75x75 size-75x75 wp-post-image\" alt=\"\" \/>            <div class=\"name\">Anthony Romano<\/div>\n        <\/div>\n\n        <div class=\"job\">VD Lindu <\/div>\n        <div class=\"email\"><a href=\"mailto:anthony.romano@brunswickrealestate.com\">anthony.romano@brunswickrealestate.com<\/a><\/div>\n        <div class=\"phone\"><a href=\"tel: +46 73 059 2710\">+46 73 059 2710<\/a><\/div>\n    <\/div>\n<\/div>\t\t\t\t\t\t\t\t\t\t\t<div class=\"employees-item\">\n    <div class=\"employees-item--inner bg-dark-purple\">\n        <div class=\"top\">\n            <img loading=\"lazy\" decoding=\"async\" width=\"75\" height=\"75\" src=\"https:\/\/brunswick2023-dev.c2246.cloudnet.cloud\/wp-content\/uploads\/2023\/04\/VUE3784_0232_Cecilia_sv_A5-2-2-150x150.jpg\" class=\"attachment-75x75 size-75x75 wp-post-image\" alt=\"\" \/>            <div class=\"name\">Cecilia Safaee<\/div>\n        <\/div>\n\n        <div class=\"job\">VD Hemmaplan <\/div>\n        <div class=\"email\"><a href=\"mailto:cecilia.safaee@hemmaplan.com\">cecilia.safaee@hemmaplan.com<\/a><\/div>\n        <div class=\"phone\"><a href=\"tel: +46 72 727 25 80\">+46 72 727 25 80<\/a><\/div>\n    <\/div>\n<\/div>\t\t\t\t\t\t\t\t\t\t\t<div class=\"employees-item\">\n    <div class=\"employees-item--inner bg-dark-purple\">\n        <div class=\"top\">\n            <img loading=\"lazy\" decoding=\"async\" width=\"75\" height=\"75\" src=\"https:\/\/brunswick2023-dev.c2246.cloudnet.cloud\/wp-content\/uploads\/2023\/04\/VUE3784_0032_Filip_sv_A5-3-150x150.jpg\" class=\"attachment-75x75 size-75x75 wp-post-image\" alt=\"\" \/>            <div class=\"name\">Filip Gustavsson<\/div>\n        <\/div>\n\n        <div class=\"job\">VD Bohild<\/div>\n        <div class=\"email\"><a href=\"mailto:filip.gustavsson@brunswickrealestate.com\">filip.gustavsson@brunswickrealestate.com<\/a><\/div>\n        <div class=\"phone\"><a href=\"tel: +46 72 520 13 55\">+46 72 520 13 55<\/a><\/div>\n    <\/div>\n<\/div>\t\t\t\t\t\t\t\t\t\t\t<div class=\"employees-item\">\n    <div class=\"employees-item--inner bg-dark-purple\">\n        <div class=\"top\">\n            <img loading=\"lazy\" decoding=\"async\" width=\"75\" height=\"75\" src=\"https:\/\/brunswick2023-dev.c2246.cloudnet.cloud\/wp-content\/uploads\/2023\/04\/VUE3737_0233_Niclas_sv_A5-3-150x150.jpg\" class=\"attachment-75x75 size-75x75 wp-post-image\" alt=\"\" \/>            <div class=\"name\">Niclas Jakobsen<\/div>\n        <\/div>\n\n        <div class=\"job\">VD Vanda 3<\/div>\n        <div class=\"email\"><a href=\"mailto:niclas.jakobsen@brunswickrealestate.com\">niclas.jakobsen@brunswickrealestate.com<\/a><\/div>\n        <div class=\"phone\"><a href=\"tel: +46 73 087 78 79\">+46 73 087 78 79<\/a><\/div>\n    <\/div>\n<\/div>\t\t\t\t\t\t\t\t\t\t\t<div class=\"employees-item\">\n    <div class=\"employees-item--inner bg-dark-purple\">\n        <div class=\"top\">\n            <img loading=\"lazy\" decoding=\"async\" width=\"75\" height=\"75\" src=\"https:\/\/brunswick2023-dev.c2246.cloudnet.cloud\/wp-content\/uploads\/2023\/04\/VUE3708_0014_Eric_sv_A5-1-scaled-2-150x150.jpg\" class=\"attachment-75x75 size-75x75 wp-post-image\" alt=\"\" \/>            <div class=\"name\">Eric Bergstr\u00f6m<\/div>\n        <\/div>\n\n        <div class=\"job\">VD Regio \/ Partner<\/div>\n        <div class=\"email\"><a href=\"mailto:eric.bergstrom@brunswickrealestate.com\">eric.bergstrom@brunswickrealestate.com<\/a><\/div>\n        <div class=\"phone\"><a href=\"tel: +46 70 509 75 05\">+46 70 509 75 05<\/a><\/div>\n    <\/div>\n<\/div>\t\t\t\t\t\t\t\t\t\t\t<div class=\"employees-item\">\n    <div class=\"employees-item--inner bg-dark-purple\">\n        <div class=\"top\">\n            <img loading=\"lazy\" decoding=\"async\" width=\"75\" height=\"75\" src=\"https:\/\/brunswick2023-dev.c2246.cloudnet.cloud\/wp-content\/uploads\/2023\/04\/VUE3711_0035_Annika_sv_A5-scaled-2-150x150.jpg\" class=\"attachment-75x75 size-75x75 wp-post-image\" alt=\"\" \/>            <div class=\"name\">Annika Fridolf<\/div>\n        <\/div>\n\n        <div class=\"job\">Partner \/ VD Fersen<\/div>\n        <div class=\"email\"><a href=\"mailto:annika.fridolf@brunswickrealestate.com\">annika.fridolf@brunswickrealestate.com<\/a><\/div>\n        <div class=\"phone\"><a href=\"tel: +46 73 125 15 05\">+46 73 125 15 05<\/a><\/div>\n    <\/div>\n<\/div>\t\t\t\t\t\t\t\t\t\t\t<div class=\"employees-item\">\n    <div class=\"employees-item--inner bg-dark-purple\">\n        <div class=\"top\">\n            <img loading=\"lazy\" decoding=\"async\" width=\"75\" height=\"75\" src=\"https:\/\/brunswick2023-dev.c2246.cloudnet.cloud\/wp-content\/uploads\/2023\/04\/VUE3737_0205_Hanna_sv_A5-5-150x150.jpg\" class=\"attachment-75x75 size-75x75 wp-post-image\" alt=\"\" \/>            <div class=\"name\">Hanna Rauhala<\/div>\n        <\/div>\n\n        <div class=\"job\">Head of Finland \/ VD Nyfosa Finland \/ Partner<\/div>\n        <div class=\"email\"><a href=\"mailto:hanna.rauhala@brunswickrealestate.com\">hanna.rauhala@brunswickrealestate.com<\/a><\/div>\n        <div class=\"phone\"><a href=\"tel: +358 40 0297 312\">+358 40 0297 312<\/a><\/div>\n    <\/div>\n<\/div>\t\t\t\t\t\t\t\t\t<\/div>\n\t\t\t\t\t<\/div>\n\t<\/div>\n<\/section>\n\n<section id=\"whistleblower-block_da83990a279594ad7a121cec90f88b14\" class=\"block whistleblower bg-transparent m-b\">\n\t<div class=\"container\">\n\t\t<div class=\"row no-gutters\">\n            <div class=\"row__col title\">\n                <div class=\"row no-gutters\">\n                    <div class=\"row__col row__col--md-8\">\n                        <div class='title-container text-left '><h2 class='block__title h2  '>Visselbl\u00e5sarfunktion<\/h2><\/div>                    <\/div>\n                <\/div>\n            <\/div>\n        <\/div>\n\n        <div class=\"row\">\n            <div class=\"row__col row__col--md-8\">\n                <p class=\"intro-paragraph\">Vi v\u00e4rdes\u00e4tter god corporate governance och v\u00e4rnar om v\u00e5r, och v\u00e5ra medarbetares integritet. D\u00e4rf\u00f6r har vi en visselbl\u00e5sfunktion d\u00e4r vem som helst kan rapportera en incident eller h\u00e4ndelse som strider emot v\u00e5ra grundv\u00e4rderingar. \u00c4rendena hanteras av tredje part<\/p>            <\/div>\n        <\/div>\n\n\t\t<div class=\"row\">\n\t\t\t<div class=\"row__col row__col--md-6\">\n\t\t\t\t\t\t\t<\/div>\n\t\t\t<div class=\"row__col row__col--md-6\">\n                <div class=\"jumpto-container\"><div class=\"row no-gutters\"><div class=\"row__col jumpto\"><a class=\"inner bg-light-blue\" href=\"https:\/\/brunswick2023-dev.c2246.cloudnet.cloud\/sv\/visselblasarfunktion\/\">Till v\u00e5r visselbl\u00e5sarfunktion<img decoding=\"async\" src=\"https:\/\/brunswick2023-dev.c2246.cloudnet.cloud\/wp-content\/themes\/brunswick\/dist\/img\/arrow-right.svg\"><\/a><\/div><\/div><\/div>\t\t\t<\/div>\n\t\t<\/div>\n\t<\/div>\n<\/section>\n\n<section id=\"full-width-map-block_9a8e3769c538abe8d5f494d3a396efc2\" class=\"block full-width-map bg-transparent m-b\">\n\t<div class=\"container container--100\">\n\t\t<div class=\"row no-gutters\">\n\t\t\t<div class=\"row__col\">\n\t\t\t\t<div class=\"hidden locations\">\n\t\t\t\t\t\t\t\t\t\t\t\t\t\t\t\t\t\t<input type=\"hidden\" name=\"location[]\" value=\"Stockholm\" data-lng=\"18.0686\" data-lat=\"59.3293\">\n\t\t\t\t\t\t\t\t\t\t\t\t\t<input type=\"hidden\" name=\"location[]\" value=\"Copenhagen\" data-lng=\"12.5683\" data-lat=\"55.6761\">\n\t\t\t\t\t\t\t\t\t\t\t\t\t<input type=\"hidden\" name=\"location[]\" value=\"Helsinki\" data-lng=\"24.9384\" data-lat=\"60.1699\">\n\t\t\t\t\t\t\t\n\t\t\t\t\t\t\t\t\t<\/div>\n\t\t\t\t<div id=\"map\"><\/div>\n\t\t\t<\/div>\n\t\t<\/div>\n\t<\/div>\n<\/section>\n\n<section id=\"locations-block_9abab864139e40947f60ae1012eb1eea\" class=\"block locations bg-transparent m-b\">\n\t<div class=\"container\">\n\t\t\t\t\t<div class=\"row\">\n\t\t\t\t\t\t\t\t\t<div class=\"row__col\">\n\t\t\t\t\t\t\t\t\t\t\t\t<div class=\"title-container\">\n\t\t\t\t\t\t\t<h2>K\u00f6penhamn<\/h2>\n\t\t\t\t\t\t<\/div>\n\t\t\t\t\t\t<div class=\"content\"><p>\u00d8stergade 4<br \/>\nDK-1100 K\u00f6penhamn, Danmark<\/p>\n<\/div>\n\t\t\t\t\t\t<div class=\"phone\">\n\t\t\t\t\t\t\t+46 73 059 27 10\t\t\t\t\t\t<\/div>\n\t\t\t\t\t<\/div>\n\t\t\t\t\t\t\t\t\t<div class=\"row__col\">\n\t\t\t\t\t\t\t\t\t\t\t\t<div class=\"title-container\">\n\t\t\t\t\t\t\t<h2>Helsingfors<\/h2>\n\t\t\t\t\t\t<\/div>\n\t\t\t\t\t\t<div class=\"content\"><p>Aleksanterinkatu 44<br \/>\nFI-00100 Helsingfors, Finland<\/p>\n<\/div>\n\t\t\t\t\t\t<div class=\"phone\">\n\t\t\t\t\t\t\t+358 400 510 701\t\t\t\t\t\t<\/div>\n\t\t\t\t\t<\/div>\n\t\t\t\t\t\t\t\t\t<div class=\"row__col\">\n\t\t\t\t\t\t\t\t\t\t\t\t<div class=\"title-container\">\n\t\t\t\t\t\t\t<h2>Stockholm<\/h2>\n\t\t\t\t\t\t<\/div>\n\t\t\t\t\t\t<div class=\"content\"><p>Jakobsgatan 6<br \/>\nSE-111 52 Stockholm, Sverige<\/p>\n<\/div>\n\t\t\t\t\t\t<div class=\"phone\">\n\t\t\t\t\t\t\t+46 8 545 075 00\t\t\t\t\t\t<\/div>\n\t\t\t\t\t<\/div>\n\t\t\t\t\t\n\t\t\t<\/div>\n\t\t\t\n\t<\/div>\n<\/section>","protected":false},"excerpt":{"rendered":"","protected":false},"author":1,"featured_media":44,"parent":0,"menu_order":0,"comment_status":"closed","ping_status":"closed","template":"","meta":{"_acf_changed":false,"_seopress_robots_primary_cat":"","_seopress_titles_title":"","_seopress_titles_desc":"","_seopress_robots_index":"","inline_featured_image":false,"footnotes":""},"class_list":["post-5661","page","type-page","status-publish","has-post-thumbnail","hentry"],"acf":[],"_links":{"self":[{"href":"https:\/\/brunswick2023-dev.c2246.cloudnet.cloud\/sv\/wp-json\/wp\/v2\/pages\/5661","targetHints":{"allow":["GET"]}}],"collection":[{"href":"https:\/\/brunswick2023-dev.c2246.cloudnet.cloud\/sv\/wp-json\/wp\/v2\/pages"}],"about":[{"href":"https:\/\/brunswick2023-dev.c2246.cloudnet.cloud\/sv\/wp-json\/wp\/v2\/types\/page"}],"author":[{"embeddable":true,"href":"https:\/\/brunswick2023-dev.c2246.cloudnet.cloud\/sv\/wp-json\/wp\/v2\/users\/1"}],"replies":[{"embeddable":true,"href":"https:\/\/brunswick2023-dev.c2246.cloudnet.cloud\/sv\/wp-json\/wp\/v2\/comments?post=5661"}],"version-history":[{"count":19,"href":"https:\/\/brunswick2023-dev.c2246.cloudnet.cloud\/sv\/wp-json\/wp\/v2\/pages\/5661\/revisions"}],"predecessor-version":[{"id":6643,"href":"https:\/\/brunswick2023-dev.c2246.cloudnet.cloud\/sv\/wp-json\/wp\/v2\/pages\/5661\/revisions\/6643"}],"wp:featuredmedia":[{"embeddable":true,"href":"https:\/\/brunswick2023-dev.c2246.cloudnet.cloud\/sv\/wp-json\/wp\/v2\/media\/44"}],"wp:attachment":[{"href":"https:\/\/brunswick2023-dev.c2246.cloudnet.cloud\/sv\/wp-json\/wp\/v2\/media?parent=5661"}],"curies":[{"name":"wp","href":"https:\/\/api.w.org\/{rel}","templated":true}]}}