{"id":5663,"date":"2023-03-23T08:48:46","date_gmt":"2023-03-23T08:48:46","guid":{"rendered":"https:\/\/brunswick2023-dev.c2246.cloudnet.cloud\/?page_id=5663"},"modified":"2023-08-14T12:38:59","modified_gmt":"2023-08-14T12:38:59","slug":"nyheter","status":"publish","type":"page","link":"https:\/\/brunswick2023-dev.c2246.cloudnet.cloud\/sv\/nyheter\/","title":{"rendered":"Nyheter"},"content":{"rendered":"<section id=\"post-listing-block_6e4187d6836a19d1131171c9d3dc256b\" class=\"block post-listing bg-block-default m-b\"\n         data-per-page=\"9\"\n         data-post-type=\"press_release\"\n         data-taxonomy=\"press_release_category\"\n         data-language=\"sv\"\n         data-paged=\"1\"\n>\n    <div class=\"container title-wrap\">\n        <div class=\"row__col\">\n\t\t\t<div class='title-container text-left '><h1 class='block__title h1  underline'>Nyheter<\/h1><\/div>        <\/div>\n    <\/div>\n\n\t        <div class=\"post-list--filters container\">\n            <p>Filtrera efter<\/p>\n            <div class=\"blog-filter__list\">\n                <button class=\"active\" data-filter=\"0\">\n\t\t\t\t\tAlla                <\/button>\n\t\t\t\t                    <button data-category=\"\" data-cision-category=\"15d21dd9\">\n\t\t\t\t\t\tRegio                    <\/button>\n\t\t\t\t                    <button data-category=\"\" data-cision-category=\"f8a0ccca\">\n\t\t\t\t\t\tFersen                    <\/button>\n\t\t\t\t                    <button data-category=\"\" data-cision-category=\"cb2d264d\">\n\t\t\t\t\t\tBohild                    <\/button>\n\t\t\t\t                    <button data-category=\"\" data-cision-category=\"8579bcff\">\n\t\t\t\t\t\tVanda 3                    <\/button>\n\t\t\t\t                    <button data-category=\"\" data-cision-category=\"ee0eb068\">\n\t\t\t\t\t\tKielo                    <\/button>\n\t\t\t\t                    <button data-category=\"\" data-cision-category=\"22bd567d\">\n\t\t\t\t\t\tLindu                    <\/button>\n\t\t\t\t                    <button data-category=\"\" data-cision-category=\"2b38254a\">\n\t\t\t\t\t\tSINDI                    <\/button>\n\t\t\t\t            <\/div>\n        <\/div>\n\t\n\n    <div class=\"container\">\n\t\t            <div class=\"posts-listing\">\n\t\t\t\t<div class=\"posts-listing--item\">\n    \n<article class=\"editor-content\">\n\t<img loading=\"lazy\" decoding=\"async\" width=\"386\" height=\"196\" src=\"https:\/\/brunswick2023-dev.c2246.cloudnet.cloud\/wp-content\/uploads\/2023\/03\/IMAGE-2.jpg\" class=\"attachment-news-item size-news-item wp-post-image\" alt=\"\" \/>\n    <div class=\"content bg-grey\">\n        <a href=\"https:\/\/brunswick2023-dev.c2246.cloudnet.cloud\/sv\/press-release\/pictet-alternative-advisors-och-brunswick-aterlanserar-lindu-i-danmark-genom-forvarv-av-en-75-000-kvm-last-mile-portfolj\/\">\n            <div class=\"title\">Pictet Alternative Advisors och Brunswick \u00e5terlanserar Lindu i Danmark genom f\u00f6rv\u00e4rv av en 75 000 kvm last mile-portf\u00f6lj<\/div>\n            <div class=\"meta\">\n                <div class=\"category\"><\/div>\n                <div class=\"date\">m\u00e5ndag 18 november 2024<\/div>\n            <\/div>\n        <\/a>\n    <\/div>\n<\/article>\n<\/div>\n<div class=\"posts-listing--item\">\n    \n<article class=\"editor-content\">\n\t<img loading=\"lazy\" decoding=\"async\" width=\"386\" height=\"196\" src=\"https:\/\/brunswick2023-dev.c2246.cloudnet.cloud\/wp-content\/uploads\/2023\/03\/IMAGE-2.jpg\" class=\"attachment-news-item size-news-item wp-post-image\" alt=\"\" \/>\n    <div class=\"content bg-grey\">\n        <a href=\"https:\/\/brunswick2023-dev.c2246.cloudnet.cloud\/sv\/press-release\/regios-klimatmal-godkanda-av-sbti\/\">\n            <div class=\"title\">Regios klimatm\u00e5l godk\u00e4nda av SBTi<\/div>\n            <div class=\"meta\">\n                <div class=\"category\">Nyheter, Pressmeddelanden<\/div>\n                <div class=\"date\">m\u00e5ndag 11 november 2024<\/div>\n            <\/div>\n        <\/a>\n    <\/div>\n<\/article>\n<\/div>\n<div class=\"posts-listing--item\">\n    \n<article class=\"editor-content\">\n\t<img loading=\"lazy\" decoding=\"async\" width=\"386\" height=\"196\" src=\"https:\/\/brunswick2023-dev.c2246.cloudnet.cloud\/wp-content\/uploads\/2023\/03\/IMAGE-2.jpg\" class=\"attachment-news-item size-news-item wp-post-image\" alt=\"\" \/>\n    <div class=\"content bg-grey\">\n        <a href=\"https:\/\/brunswick2023-dev.c2246.cloudnet.cloud\/sv\/press-release\/regio-hyr-ut-ca-3-000-kvadratmeter-till-werksta-i-norrkoping\/\">\n            <div class=\"title\">Regio hyr ut ca 3 000 kvadratmeter till Werksta i Norrk\u00f6ping<\/div>\n            <div class=\"meta\">\n                <div class=\"category\">Nyheter, Pressmeddelanden<\/div>\n                <div class=\"date\">torsdag 12 september 2024<\/div>\n            <\/div>\n        <\/a>\n    <\/div>\n<\/article>\n<\/div>\n<div class=\"posts-listing--item\">\n    \n<article class=\"editor-content\">\n\t<img loading=\"lazy\" decoding=\"async\" width=\"386\" height=\"196\" src=\"https:\/\/brunswick2023-dev.c2246.cloudnet.cloud\/wp-content\/uploads\/2023\/03\/IMAGE-2.jpg\" class=\"attachment-news-item size-news-item wp-post-image\" alt=\"\" \/>\n    <div class=\"content bg-grey\">\n        <a href=\"https:\/\/brunswick2023-dev.c2246.cloudnet.cloud\/sv\/press-release\/regio-och-scandinova-i-nytt-hyresavtal-for-att-mota-bolagets-okade-efterfragan\/\">\n            <div class=\"title\">Regio och ScandiNova i nytt hyresavtal f\u00f6r att m\u00f6ta bolagets \u00f6kade efterfr\u00e5gan<\/div>\n            <div class=\"meta\">\n                <div class=\"category\">Nyheter, Pressmeddelanden<\/div>\n                <div class=\"date\">onsdag 10 juli 2024<\/div>\n            <\/div>\n        <\/a>\n    <\/div>\n<\/article>\n<\/div>\n<div class=\"posts-listing--item\">\n    \n<article class=\"editor-content\">\n\t<img loading=\"lazy\" decoding=\"async\" width=\"386\" height=\"196\" src=\"https:\/\/brunswick2023-dev.c2246.cloudnet.cloud\/wp-content\/uploads\/2023\/03\/IMAGE-2.jpg\" class=\"attachment-news-item size-news-item wp-post-image\" alt=\"\" \/>\n    <div class=\"content bg-grey\">\n        <a href=\"https:\/\/brunswick2023-dev.c2246.cloudnet.cloud\/sv\/press-release\/sindi-en-ny-standard-for-social-hallbarhet-inom-fastighetsbranschen-2\/\">\n            <div class=\"title\">SINDI: En ny standard f\u00f6r social h\u00e5llbarhet inom fastighetsbranschen<\/div>\n            <div class=\"meta\">\n                <div class=\"category\"><\/div>\n                <div class=\"date\">tisdag 25 juni 2024<\/div>\n            <\/div>\n        <\/a>\n    <\/div>\n<\/article>\n<\/div>\n<div class=\"posts-listing--item\">\n    \n<article class=\"editor-content\">\n\t<img loading=\"lazy\" decoding=\"async\" width=\"386\" height=\"196\" src=\"https:\/\/brunswick2023-dev.c2246.cloudnet.cloud\/wp-content\/uploads\/2023\/03\/IMAGE-2.jpg\" class=\"attachment-news-item size-news-item wp-post-image\" alt=\"\" \/>\n    <div class=\"content bg-grey\">\n        <a href=\"https:\/\/brunswick2023-dev.c2246.cloudnet.cloud\/sv\/press-release\/regio-tecknar-fyra-nya-hyresavtal-i-jonkoping-city-totalt-ca-1-800-kvm\/\">\n            <div class=\"title\">Regio tecknar fyra nya hyresavtal i J\u00f6nk\u00f6ping city, totalt ca 1 800 kvm<\/div>\n            <div class=\"meta\">\n                <div class=\"category\">Nyheter, Pressmeddelanden<\/div>\n                <div class=\"date\">onsdag 05 juni 2024<\/div>\n            <\/div>\n        <\/a>\n    <\/div>\n<\/article>\n<\/div>\n<div class=\"posts-listing--item\">\n    \n<article class=\"editor-content\">\n\t<img loading=\"lazy\" decoding=\"async\" width=\"386\" height=\"196\" src=\"https:\/\/brunswick2023-dev.c2246.cloudnet.cloud\/wp-content\/uploads\/2023\/03\/IMAGE-2.jpg\" class=\"attachment-news-item size-news-item wp-post-image\" alt=\"\" \/>\n    <div class=\"content bg-grey\">\n        <a href=\"https:\/\/brunswick2023-dev.c2246.cloudnet.cloud\/sv\/press-release\/partners-group-avyttrar-storre-handelsportfolj-till-svenska-handelsfastigheter\/\">\n            <div class=\"title\">Partners Group avyttrar st\u00f6rre handelsportf\u00f6lj till Svenska Handelsfastigheter<\/div>\n            <div class=\"meta\">\n                <div class=\"category\"><\/div>\n                <div class=\"date\">tisdag 28 maj 2024<\/div>\n            <\/div>\n        <\/a>\n    <\/div>\n<\/article>\n<\/div>\n<div class=\"posts-listing--item\">\n    \n<article class=\"editor-content\">\n\t<img loading=\"lazy\" decoding=\"async\" width=\"386\" height=\"196\" src=\"https:\/\/brunswick2023-dev.c2246.cloudnet.cloud\/wp-content\/uploads\/2023\/03\/IMAGE-2.jpg\" class=\"attachment-news-item size-news-item wp-post-image\" alt=\"\" \/>\n    <div class=\"content bg-grey\">\n        <a href=\"https:\/\/brunswick2023-dev.c2246.cloudnet.cloud\/sv\/press-release\/regio-hyr-ut-kontor-till-frivarden-i-jonkoping-city\/\">\n            <div class=\"title\">Regio hyr ut kontor till Friv\u00e5rden i J\u00f6nk\u00f6ping city<\/div>\n            <div class=\"meta\">\n                <div class=\"category\">Nyheter, Pressmeddelanden<\/div>\n                <div class=\"date\">torsdag 16 maj 2024<\/div>\n            <\/div>\n        <\/a>\n    <\/div>\n<\/article>\n<\/div>\n<div class=\"posts-listing--item\">\n    \n<article class=\"editor-content\">\n\t<img loading=\"lazy\" decoding=\"async\" width=\"386\" height=\"196\" src=\"https:\/\/brunswick2023-dev.c2246.cloudnet.cloud\/wp-content\/uploads\/2023\/03\/IMAGE-2.jpg\" class=\"attachment-news-item size-news-item wp-post-image\" alt=\"\" \/>\n    <div class=\"content bg-grey\">\n        <a href=\"https:\/\/brunswick2023-dev.c2246.cloudnet.cloud\/sv\/press-release\/regio-tecknar-avtal-med-clas-ohlson-i-orebro-for-butik-nummer-100\/\">\n            <div class=\"title\">Regio tecknar avtal med Clas Ohlson i \u00d6rebro f\u00f6r butik nummer 100<\/div>\n            <div class=\"meta\">\n                <div class=\"category\">Nyheter, Pressmeddelanden<\/div>\n                <div class=\"date\">tisdag 23 april 2024<\/div>\n            <\/div>\n        <\/a>\n    <\/div>\n<\/article>\n<\/div>\n\t            <\/div>\n\t\t\n        <div class=\"row read-more\">\n            <div class=\"row__col\">\n                <a href=\"#\" class=\"btn btn-primary read-more\" data-toggle-text=\"Hide\">\n\t\t\t\t\tLadda mer                <\/a>\n            <\/div>\n        <\/div>\n    <\/div>\n<\/section>","protected":false},"excerpt":{"rendered":"","protected":false},"author":1,"featured_media":44,"parent":0,"menu_order":0,"comment_status":"closed","ping_status":"closed","template":"","meta":{"_acf_changed":false,"_seopress_robots_primary_cat":"","_seopress_titles_title":"","_seopress_titles_desc":"","_seopress_robots_index":"","inline_featured_image":false,"footnotes":""},"class_list":["post-5663","page","type-page","status-publish","has-post-thumbnail","hentry"],"acf":[],"_links":{"self":[{"href":"https:\/\/brunswick2023-dev.c2246.cloudnet.cloud\/sv\/wp-json\/wp\/v2\/pages\/5663","targetHints":{"allow":["GET"]}}],"collection":[{"href":"https:\/\/brunswick2023-dev.c2246.cloudnet.cloud\/sv\/wp-json\/wp\/v2\/pages"}],"about":[{"href":"https:\/\/brunswick2023-dev.c2246.cloudnet.cloud\/sv\/wp-json\/wp\/v2\/types\/page"}],"author":[{"embeddable":true,"href":"https:\/\/brunswick2023-dev.c2246.cloudnet.cloud\/sv\/wp-json\/wp\/v2\/users\/1"}],"replies":[{"embeddable":true,"href":"https:\/\/brunswick2023-dev.c2246.cloudnet.cloud\/sv\/wp-json\/wp\/v2\/comments?post=5663"}],"version-history":[{"count":5,"href":"https:\/\/brunswick2023-dev.c2246.cloudnet.cloud\/sv\/wp-json\/wp\/v2\/pages\/5663\/revisions"}],"predecessor-version":[{"id":6659,"href":"https:\/\/brunswick2023-dev.c2246.cloudnet.cloud\/sv\/wp-json\/wp\/v2\/pages\/5663\/revisions\/6659"}],"wp:featuredmedia":[{"embeddable":true,"href":"https:\/\/brunswick2023-dev.c2246.cloudnet.cloud\/sv\/wp-json\/wp\/v2\/media\/44"}],"wp:attachment":[{"href":"https:\/\/brunswick2023-dev.c2246.cloudnet.cloud\/sv\/wp-json\/wp\/v2\/media?parent=5663"}],"curies":[{"name":"wp","href":"https:\/\/api.w.org\/{rel}","templated":true}]}}